{"id":6394,"date":"2024-02-25T17:13:42","date_gmt":"2024-02-25T17:13:42","guid":{"rendered":"https:\/\/cotopaxihorsetours.com\/?page_id=6394"},"modified":"2024-04-03T19:20:56","modified_gmt":"2024-04-03T19:20:56","slug":"como-llegar-cotopaxi","status":"publish","type":"page","link":"https:\/\/cotopaxihorsetours.com\/es\/como-llegar-cotopaxi\/","title":{"rendered":"Como llegar"},"content":{"rendered":"<div class=\"wpb-content-wrapper\"><p>[vc_row full_width=&#8221;stretch_row&#8221; content_placement=&#8221;middle&#8221; css=&#8221;.vc_custom_1708830725632{margin-bottom: 30px !important;background-color: #ffffff !important;}&#8221;][vc_column el_class=&#8221;milenia-color&#8211;black&#8221; offset=&#8221;vc_col-lg-offset-1 vc_col-lg-10&#8243; css=&#8221;.vc_custom_1708830772554{padding-bottom: 30px !important;background-color: #f8f8f8 !important;}&#8221;][vc_images_carousel images=&#8221;6185,6197&#8243; img_size=&#8221;full&#8221; speed=&#8221;3000&#8243; autoplay=&#8221;yes&#8221; wrap=&#8221;yes&#8221;][vc_empty_space height=&#8221;40px&#8221;][vc_row_inner css=&#8221;.vc_custom_1708833790978{margin-bottom: -50px !important;}&#8221;][vc_column_inner offset=&#8221;vc_col-lg-offset-1 vc_col-lg-10&#8243;][vc_custom_heading text=&#8221;Llegar desde Quito&#8221; font_container=&#8221;tag:h1|text_align:center&#8221; use_theme_fonts=&#8221;yes&#8221;][vc_column_text]<\/p>\n<p style=\"text-align: center;\"><span style=\"font-weight: 400;\"><b>En carro:<\/b> Aproximadamente 1 hora y 45 minutos al sur de Quito. Desde Quito, dir\u00edgete al sur por la autopista Panamericana (E35) hasta Machachi. Desde all\u00ed, estamos aproximadamente a otros 25 km en direcci\u00f3n a El Pedregal, que es la entrada noreste del Parque Nacional Cotopaxi.<\/span><\/p>\n<p><b>En bus:<\/b> Si no tienes transporte propio, te recomendamos tomar un bus que vaya a Ambato o al sur del pa\u00eds y que se detenga en Machachi. Desde Machachi, puedes conseguir un cami\u00f3n de carga que vaya en direcci\u00f3n a El Pedregal hasta llegar a la entrada noreste del Parque Nacional Cotopaxi donde nos encontramos. El trayecto en cami\u00f3n es aproximadamente de 25 km.[\/vc_column_text][vc_empty_space height=&#8221;30px&#8221;][\/vc_column_inner][\/vc_row_inner][vc_row_inner css=&#8221;.vc_custom_1708833790978{margin-bottom: -50px !important;}&#8221;][vc_column_inner offset=&#8221;vc_col-lg-offset-1 vc_col-lg-10&#8243;][vc_custom_heading text=&#8221;Llegar desde Ba\u00f1os&#8221; font_container=&#8221;tag:h1|text_align:center&#8221; use_theme_fonts=&#8221;yes&#8221;][vc_column_text]<\/p>\n<p style=\"text-align: center;\"><span style=\"font-weight: 400;\"><br \/>\n<b>En carro:<\/b> Estamos aproximadamente a 3 horas y 30 minutos al norte de Ba\u00f1os. Desde Ba\u00f1os, toma la E30 hacia el norte hasta Ambato y desde all\u00ed toma la autopista Panamericana (E35) hacia el norte en direcci\u00f3n a Quito hasta llegar a Machachi. Desde all\u00ed, estamos aproximadamente a otros 25 km en direcci\u00f3n a El Pedregal, que es la entrada noreste del Parque Nacional Cotopaxi.<\/span><\/p>\n<p><b>En bus:<\/b> Si no tienes transporte propio, te recomendamos tomar un bus que vaya a Quito y se detenga en Machachi. Desde Machachi, puedes conseguir un cami\u00f3n de carga que vaya en direcci\u00f3n a El Pedregal hasta llegar a la entrada noreste del Parque Nacional Cotopaxi donde nos encontramos. El trayecto en cami\u00f3n es aproximadamente de 25 km.[\/vc_column_text][vc_empty_space height=&#8221;30px&#8221;][\/vc_column_inner][\/vc_row_inner][vc_row_inner css=&#8221;.vc_custom_1708833790978{margin-bottom: -50px !important;}&#8221;][vc_column_inner offset=&#8221;vc_col-lg-offset-1 vc_col-lg-10&#8243;][vc_custom_heading text=&#8221;Organizar transporte a trav\u00e9s de nosotros.&#8221; font_container=&#8221;tag:h1|text_align:center&#8221; use_theme_fonts=&#8221;yes&#8221;][vc_column_text]<\/p>\n<p style=\"text-align: center;\"><span style=\"font-weight: 400;\">Tambi\u00e9n podemos organizar transporte privado desde el lugar que elijas para tranquilizarte y permitirte disfrutar plenamente de un hermoso d\u00eda en el impresionante Parque Nacional Cotopaxi. Simplemente cont\u00e1ctanos por correo electr\u00f3nico o tel\u00e9fono y nosotros nos encargaremos de todos los detalles para ti.<\/span><\/p>\n<p>[\/vc_column_text][vc_empty_space][vc_custom_heading text=&#8221;Cont\u00e1ctanos&#8221; font_container=&#8221;tag:h3|text_align:center&#8221; use_theme_fonts=&#8221;yes&#8221;]\n<div class=\"wpcf7 no-js\" id=\"wpcf7-f6429-o1\" lang=\"es-ES\" dir=\"ltr\" data-wpcf7-id=\"6429\">\n<div class=\"screen-reader-response\"><p role=\"status\" aria-live=\"polite\" aria-atomic=\"true\"><\/p> <ul><\/ul><\/div>\n<form action=\"\/es\/wp-json\/wp\/v2\/pages\/6394#wpcf7-f6429-o1\" method=\"post\" class=\"wpcf7-form init\" aria-label=\"Formulario de contacto\" novalidate=\"novalidate\" data-status=\"init\">\n<div style=\"display: none;\">\n<input type=\"hidden\" name=\"_wpcf7\" value=\"6429\" \/>\n<input type=\"hidden\" name=\"_wpcf7_version\" value=\"6.0.6\" \/>\n<input type=\"hidden\" name=\"_wpcf7_locale\" value=\"es_ES\" \/>\n<input type=\"hidden\" name=\"_wpcf7_unit_tag\" value=\"wpcf7-f6429-o1\" \/>\n<input type=\"hidden\" name=\"_wpcf7_container_post\" value=\"0\" \/>\n<input type=\"hidden\" name=\"_wpcf7_posted_data_hash\" value=\"\" \/>\n<input type=\"hidden\" name=\"_wpcf7_recaptcha_response\" value=\"\" \/>\n<\/div>\n<p><label>Tu nombre<\/label><br \/>\n<span class=\"wpcf7-form-control-wrap\" data-name=\"your-name\"><input size=\"40\" maxlength=\"400\" class=\"wpcf7-form-control wpcf7-text wpcf7-validates-as-required\" aria-required=\"true\" aria-invalid=\"false\" value=\"\" type=\"text\" name=\"your-name\" \/><\/span>\n<\/p>\n<p><label>Tu correo electr\u00f3nico<\/label><br \/>\n<span class=\"wpcf7-form-control-wrap\" data-name=\"your-email\"><input size=\"40\" maxlength=\"400\" class=\"wpcf7-form-control wpcf7-email wpcf7-validates-as-required wpcf7-text wpcf7-validates-as-email\" aria-required=\"true\" aria-invalid=\"false\" value=\"\" type=\"email\" name=\"your-email\" \/><\/span>\n<\/p>\n<p><label>Tel\u00e9fono<\/label><br \/>\n<span class=\"wpcf7-form-control-wrap\" data-name=\"phone\"><input size=\"40\" maxlength=\"400\" class=\"wpcf7-form-control wpcf7-text\" aria-invalid=\"false\" value=\"\" type=\"text\" name=\"phone\" \/><\/span>\n<\/p>\n<p><label>Mensaje<\/label><br \/>\n<span class=\"wpcf7-form-control-wrap\" data-name=\"your-message\"><textarea cols=\"40\" rows=\"7\" maxlength=\"2000\" class=\"wpcf7-form-control wpcf7-textarea\" aria-invalid=\"false\" name=\"your-message\"><\/textarea><\/span>\n<\/p>\n<p><input class=\"wpcf7-form-control wpcf7-submit has-spinner\" type=\"submit\" value=\"Enviar\" \/>\n<\/p><div class=\"wpcf7-response-output\" aria-hidden=\"true\"><\/div>\n<\/form>\n<\/div>\n[\/vc_column_inner][\/vc_row_inner]<!--================ Section Heading ================-->\n<script>\n    (function($){\n        'use strict';\n\n        if(!$) return;\n\n        $(function(){\n            if(window.appear) {\n                appear({\n                    elements: function(){\n                        return document.querySelectorAll('#vc-milenia-section-heading-eb23cb2fb890718a645a7c02617bc83b-17766596641824083951');\n                    },\n                    appear: function(element) {\n                        var $el = $(element);\n                        $el.addClass('milenia-visible').addClass($el.data('animation'));\n                    },\n                    reappear: false,\n                    bounds: -200\n                });\n            }\n        });\n    })(window.jQuery);\n<\/script>\n<div id=\"vc-milenia-section-heading-eb23cb2fb890718a645a7c02617bc83b-17766596641824083951\" class=\"milenia-section-heading text-center vc_custom_1711751288627 milenia-visible\" data-animation=\"none\">\n    \n    <h2 class=\"milenia-section-title milenia-font--first-accented\" style=\"font-size: 36px;line-height: 43px;text-transform: none;font-style: normal;font-weight: 400;\">Nuestras rese\u00f1as<\/h2>\n\n    \n<\/div>\n<!--================ End of Section Heading ================-->\n[vc_raw_html]JTVCZ3J3JTIwaWQlM0QzMjM5JTVE[\/vc_raw_html][\/vc_column][vc_column][\/vc_column][\/vc_row][vc_row][vc_column][\/vc_column][\/vc_row]<\/p>\n<\/div>","protected":false},"excerpt":{"rendered":"<p>[vc_row full_width=&#8221;stretch_row&#8221; content_placement=&#8221;middle&#8221; css=&#8221;.vc_custom_1708830725632{margin-bottom: 30px !important;background-color: #ffffff !important;}&#8221;][vc_column el_class=&#8221;milenia-color&#8211;black&#8221; offset=&#8221;vc_col-lg-offset-1 vc_col-lg-10&#8243; css=&#8221;.vc_custom_1708830772554{padding-bottom: 30px !important;background-color: #f8f8f8 !important;}&#8221;][vc_images_carousel images=&#8221;6185,6197&#8243; img_size=&#8221;full&#8221;&#8230;<\/p>\n","protected":false},"author":1,"featured_media":0,"parent":0,"menu_order":0,"comment_status":"closed","ping_status":"closed","template":"","meta":{"_monsterinsights_skip_tracking":false,"_monsterinsights_sitenote_active":false,"_monsterinsights_sitenote_note":"","_monsterinsights_sitenote_category":0,"footnotes":""},"class_list":["post-6394","page","type-page","status-publish","hentry"],"aioseo_notices":[],"meta_box":{"milenia-page-header-state":"0","milenia-page-header-type":"milenia-header-layout-v1","milenia-page-header-logo":{"width":150,"height":150,"file":"2018\/10\/Cotopaxi-horse-tours-logo.png","filesize":20758,"sizes":{"medium":{"file":"Cotopaxi-horse-tours-logo-300x116.png","width":300,"height":116,"mime-type":"image\/png","filesize":19774,"url":"https:\/\/cotopaxihorsetours.com\/wp-content\/uploads\/2018\/10\/Cotopaxi-horse-tours-logo-300x116.png"},"thumbnail":{"file":"Cotopaxi-horse-tours-logo-150x150.png","width":150,"height":150,"mime-type":"image\/png","filesize":9807,"url":"https:\/\/cotopaxihorsetours.com\/wp-content\/uploads\/2018\/10\/Cotopaxi-horse-tours-logo-150x150.png"}},"image_meta":{"aperture":"0","credit":"","camera":"","caption":"","created_timestamp":"0","copyright":"","focal_length":"0","iso":"0","shutter_speed":"0","title":"","orientation":"0","keywords":[]},"ID":"6170","name":"Cotopaxi-horse-tours-logo.png","path":"\/home\/u346944570\/domains\/cotopaxihorsetours.com\/public_html\/wp-content\/uploads\/2018\/10\/Cotopaxi-horse-tours-logo.png","url":"https:\/\/cotopaxihorsetours.com\/wp-content\/uploads\/2018\/10\/Cotopaxi-horse-tours-logo-150x150.png","full_url":"https:\/\/cotopaxihorsetours.com\/wp-content\/uploads\/2018\/10\/Cotopaxi-horse-tours-logo.png","title":"Cotopaxi-horse-tours-logo","caption":"","description":"","alt":"","srcset":false},"milenia-page-header-logo-hidpi":{"width":150,"height":150,"file":"2018\/10\/Cotopaxi-horse-tours-logo.png","filesize":20758,"sizes":{"medium":{"file":"Cotopaxi-horse-tours-logo-300x116.png","width":300,"height":116,"mime-type":"image\/png","filesize":19774,"url":"https:\/\/cotopaxihorsetours.com\/wp-content\/uploads\/2018\/10\/Cotopaxi-horse-tours-logo-300x116.png"},"thumbnail":{"file":"Cotopaxi-horse-tours-logo-150x150.png","width":150,"height":150,"mime-type":"image\/png","filesize":9807,"url":"https:\/\/cotopaxihorsetours.com\/wp-content\/uploads\/2018\/10\/Cotopaxi-horse-tours-logo-150x150.png"}},"image_meta":{"aperture":"0","credit":"","camera":"","caption":"","created_timestamp":"0","copyright":"","focal_length":"0","iso":"0","shutter_speed":"0","title":"","orientation":"0","keywords":[]},"ID":"6170","name":"Cotopaxi-horse-tours-logo.png","path":"\/home\/u346944570\/domains\/cotopaxihorsetours.com\/public_html\/wp-content\/uploads\/2018\/10\/Cotopaxi-horse-tours-logo.png","url":"https:\/\/cotopaxihorsetours.com\/wp-content\/uploads\/2018\/10\/Cotopaxi-horse-tours-logo-150x150.png","full_url":"https:\/\/cotopaxihorsetours.com\/wp-content\/uploads\/2018\/10\/Cotopaxi-horse-tours-logo.png","title":"Cotopaxi-horse-tours-logo","caption":"","description":"","alt":"","srcset":false},"milenia-page-header-transparent":"0","milenia-page-header-color-scheme":"milenia-header--light","milenia-page-header-container":"container","milenia-page-header-transparentable-color-scheme":"milenia-header--light","milenia-page-header-navigation-section":"1","milenia-page-header-sticky":"1","milenia-page-header-sticky-responsive-breakpoint":["milenia-header-section--sticky-sm"],"milenia-page-header-layout-v5-sticky":"1","milenia-page-header-layout-v5-sticky-responsive-breakpoint":["milenia-header-section--sticky-sm"],"milenia-page-header-top-bar":"1","milenia-page-header-top-bar-left-column-elements":["info"],"milenia-page-header-top-bar-right-column-elements":[],"milenia-page-header-left-column-elements":["weather"],"milenia-page-header-right-column-elements":["action-btn"],"milenia-page-header-action-btn-text":"Reservar","milenia-page-header-action-btn-url":"https:\/\/cotopaxihorsetours.com\/es\/contacto-cotopaxi-horse-tours\/","milenia-page-header-action-btn-target":"0","milenia-page-header-action-btn-nofollow":"0","milenia-page-header-vertical-menu-logo":{"width":150,"height":150,"file":"2018\/10\/Cotopaxi-horse-tours-logo.png","filesize":20758,"sizes":{"medium":{"file":"Cotopaxi-horse-tours-logo-300x116.png","width":300,"height":116,"mime-type":"image\/png","filesize":19774,"url":"https:\/\/cotopaxihorsetours.com\/wp-content\/uploads\/2018\/10\/Cotopaxi-horse-tours-logo-300x116.png"},"thumbnail":{"file":"Cotopaxi-horse-tours-logo-150x150.png","width":150,"height":150,"mime-type":"image\/png","filesize":9807,"url":"https:\/\/cotopaxihorsetours.com\/wp-content\/uploads\/2018\/10\/Cotopaxi-horse-tours-logo-150x150.png"}},"image_meta":{"aperture":"0","credit":"","camera":"","caption":"","created_timestamp":"0","copyright":"","focal_length":"0","iso":"0","shutter_speed":"0","title":"","orientation":"0","keywords":[]},"ID":"6170","name":"Cotopaxi-horse-tours-logo.png","path":"\/home\/u346944570\/domains\/cotopaxihorsetours.com\/public_html\/wp-content\/uploads\/2018\/10\/Cotopaxi-horse-tours-logo.png","url":"https:\/\/cotopaxihorsetours.com\/wp-content\/uploads\/2018\/10\/Cotopaxi-horse-tours-logo-150x150.png","full_url":"https:\/\/cotopaxihorsetours.com\/wp-content\/uploads\/2018\/10\/Cotopaxi-horse-tours-logo.png","title":"Cotopaxi-horse-tours-logo","caption":"","description":"","alt":"","srcset":false},"milenia-page-header-hidden-sidebar-widget-area":"widget-area-20","milenia-page-breadcrumb-settings-state":"0","milenia-page-breadcrumb-state":"1","milenia-page-breadcrumb":{"page-title-state":"on","page-title":"Page Title","page-title-bottom-offset":"20","breadcrumb-path-state":"on","breadcrumb-path":"Home, Pages, Page Title","breadcrumb-path-delimiter":"\/","content-alignment":"text-center","padding-top":"40","padding-right":"15","padding-bottom":"40","padding-left":"15","background-color":"#0a0a0a","title-color":"#ffffff","content-color":"#ffffff","links-color":"#ffffff","background-image":"6455","background-image-opacity":"0.5"},"milenia-page-settings-inherit-individual":"0","milenia-page-type-individual":"milenia-default","milenia-page-blogroll-item-style":"","milenia-page-blogroll-categories":[],"milenia-page-blogroll-tags":[],"milenia-page-blogroll-in":[],"milenia-page-blogroll-out":[],"milenia-page-layout-individual":"milenia-has-not-sidebar","milenia-page-sidebar-individual":"widget-area-1","milenia-page-items-layout":"grid","milenia-page-items-per-page":"9","milenia-page-order-by":"date","milenia-page-sort-order":"desc","milenia-page-portfolio-categories":[],"milenia-page-portfolio-out":[],"milenia-page-portfolio-in":[],"milenia-page-portfolio-item-style":"milenia-entities--style-18","milenia-page-portfolio-categories-state":"1","milenia-page-gallery-categories":[],"milenia-page-gallery-out":[],"milenia-page-gallery-in":[],"milenia-page-filter-state":"1","milenia-page-filter-all-tab-text":"All","milenia-page-blogroll-columns-individual":"milenia-grid--cols-3","milenia-page-columns-individual":"milenia-grid--cols-3","milenia-page-top-padding-individual":"30","milenia-page-bottom-padding-individual":"30","milenia-page-theme-skin-custom-state":"1","milenia-page-skin":"blue","milenia-page-theme-skin-custom-primary":"#c59f00","milenia-page-theme-skin-custom-secondary":"#383532","milenia-page-border-layout":"1","milenia-page-footer-state-individual":"0","milenia-page-footer-sections":["footer-section-1"],"milenia-page-footer-section-1-src":"widget-area-6","milenia-page-footer-section-1-padding-y-top":"90","milenia-page-footer-section-1-padding-y-bottom":"90","milenia-page-footer-section-1-color-settings-states":["background"],"milenia-page-footer-section-1-bg":"dark","milenia-page-footer-section-1-bg-custom":"#1c1c1c","milenia-page-footer-section-1-text-color-custom":"#858585","milenia-page-footer-section-1-links-color-custom":"#ae745a","milenia-page-footer-section-1-headings-color-custom":"#ffffff","milenia-page-footer-section-1-columns":"milenia-grid--cols-4","milenia-page-footer-section-1-full-width":"1","milenia-page-footer-section-1-uppercased-titles":"0","milenia-page-footer-section-1-large-offset":"0","milenia-page-footer-section-1-padding-x":"1","milenia-page-footer-section-1-border-top-color":"#eaeaea","milenia-page-footer-section-1-widgets-border":"1","milenia-page-footer-section-1-widgets-border-color":"#eaeaea","milenia-page-footer-section-1-widgets":"","milenia-page-footer-section-1-responsive-breakpoint":"milenia-grid--responsive-sm","milenia-page-footer-section-2-src":"widget-area-10","milenia-page-footer-section-2-padding-y-top":"25","milenia-page-footer-section-2-padding-y-bottom":"25","milenia-page-footer-section-2-color-settings-states":["background"],"milenia-page-footer-section-2-bg":"dark","milenia-page-footer-section-2-bg-custom":"#1c1c1c","milenia-page-footer-section-2-text-color-custom":"#858585","milenia-page-footer-section-2-links-color-custom":"#ae745a","milenia-page-footer-section-2-headings-color-custom":"#ffffff","milenia-page-footer-section-2-columns":"milenia-grid--cols-1","milenia-page-footer-section-2-full-width":"0","milenia-page-footer-section-2-uppercased-titles":"0","milenia-page-footer-section-2-large-offset":"0","milenia-page-footer-section-2-padding-x":"1","milenia-page-footer-section-2-border-top-color":"#363636","milenia-page-footer-section-2-widgets-border":"0","milenia-page-footer-section-2-widgets-border-color":"#eaeaea","milenia-page-footer-section-2-widgets":[{"index":"1","horizontal":{"default":"center","custom":"center","custom-breakpoint":"xl"},"vertical":{"default":"middle","custom":"middle","custom-breakpoint":"xl"},"lists-direction":"horizontal"},{"index":"2","horizontal":{"default":"center","custom":"center","custom-breakpoint":"xl"},"vertical":{"default":"middle","custom":"middle","custom-breakpoint":"xl"},"lists-direction":"vertical"}],"milenia-page-footer-section-2-responsive-breakpoint":"milenia-grid--responsive-xxxl","milenia-page-footer-section-3-src":"widget-area-4","milenia-page-footer-section-3-padding-y-top":"90","milenia-page-footer-section-3-padding-y-bottom":"90","milenia-page-footer-section-3-color-settings-states":["background"],"milenia-page-footer-section-3-bg":"dark","milenia-page-footer-section-3-bg-custom":"#1c1c1c","milenia-page-footer-section-3-text-color-custom":"#858585","milenia-page-footer-section-3-links-color-custom":"#ae745a","milenia-page-footer-section-3-headings-color-custom":"#ffffff","milenia-page-footer-section-3-columns":"milenia-grid--cols-4","milenia-page-footer-section-3-full-width":"1","milenia-page-footer-section-3-uppercased-titles":"0","milenia-page-footer-section-3-large-offset":"0","milenia-page-footer-section-3-padding-x":"1","milenia-page-footer-section-3-border-top-color":"#eaeaea","milenia-page-footer-section-3-widgets-border":"1","milenia-page-footer-section-3-widgets-border-color":"#eaeaea","milenia-page-footer-section-3-widgets":"","milenia-page-footer-section-3-responsive-breakpoint":"","milenia-page-footer-section-4-src":"widget-area-5","milenia-page-footer-section-4-padding-y-top":"90","milenia-page-footer-section-4-padding-y-bottom":"90","milenia-page-footer-section-4-color-settings-states":["background"],"milenia-page-footer-section-4-bg":"dark","milenia-page-footer-section-4-bg-custom":"#1c1c1c","milenia-page-footer-section-4-text-color-custom":"#858585","milenia-page-footer-section-4-links-color-custom":"#ae745a","milenia-page-footer-section-4-headings-color-custom":"#ffffff","milenia-page-footer-section-4-columns":"milenia-grid--cols-4","milenia-page-footer-section-4-full-width":"1","milenia-page-footer-section-4-uppercased-titles":"0","milenia-page-footer-section-4-large-offset":"0","milenia-page-footer-section-4-padding-x":"1","milenia-page-footer-section-4-border-top-color":"#eaeaea","milenia-page-footer-section-4-widgets-border":"1","milenia-page-footer-section-4-widgets-border-color":"#eaeaea","milenia-page-footer-section-4-widgets":"","milenia-page-footer-section-4-responsive-breakpoint":"","milenia-page-footer-section-5-src":"widget-area-6","milenia-page-footer-section-5-padding-y-top":"90","milenia-page-footer-section-5-padding-y-bottom":"90","milenia-page-footer-section-5-color-settings-states":["background"],"milenia-page-footer-section-5-bg":"dark","milenia-page-footer-section-5-bg-custom":"#1c1c1c","milenia-page-footer-section-5-text-color-custom":"#858585","milenia-page-footer-section-5-links-color-custom":"#ae745a","milenia-page-footer-section-5-headings-color-custom":"#ffffff","milenia-page-footer-section-5-columns":"milenia-grid--cols-4","milenia-page-footer-section-5-full-width":"1","milenia-page-footer-section-5-uppercased-titles":"0","milenia-page-footer-section-5-large-offset":"0","milenia-page-footer-section-5-padding-x":"1","milenia-page-footer-section-5-border-top-color":"#eaeaea","milenia-page-footer-section-5-widgets-border":"1","milenia-page-footer-section-5-widgets-border-color":"#eaeaea","milenia-page-footer-section-5-widgets":"","milenia-page-footer-section-5-responsive-breakpoint":""},"_links":{"self":[{"href":"https:\/\/cotopaxihorsetours.com\/es\/wp-json\/wp\/v2\/pages\/6394"}],"collection":[{"href":"https:\/\/cotopaxihorsetours.com\/es\/wp-json\/wp\/v2\/pages"}],"about":[{"href":"https:\/\/cotopaxihorsetours.com\/es\/wp-json\/wp\/v2\/types\/page"}],"author":[{"embeddable":true,"href":"https:\/\/cotopaxihorsetours.com\/es\/wp-json\/wp\/v2\/users\/1"}],"replies":[{"embeddable":true,"href":"https:\/\/cotopaxihorsetours.com\/es\/wp-json\/wp\/v2\/comments?post=6394"}],"version-history":[{"count":4,"href":"https:\/\/cotopaxihorsetours.com\/es\/wp-json\/wp\/v2\/pages\/6394\/revisions"}],"predecessor-version":[{"id":6458,"href":"https:\/\/cotopaxihorsetours.com\/es\/wp-json\/wp\/v2\/pages\/6394\/revisions\/6458"}],"wp:attachment":[{"href":"https:\/\/cotopaxihorsetours.com\/es\/wp-json\/wp\/v2\/media?parent=6394"}],"curies":[{"name":"wp","href":"https:\/\/api.w.org\/{rel}","templated":true}]}}